{"id":11876,"date":"2024-05-06T12:56:23","date_gmt":"2024-05-06T10:56:23","guid":{"rendered":"https:\/\/wirtuozseksu.pl\/blog\/?page_id=11876"},"modified":"2025-05-05T14:45:56","modified_gmt":"2025-05-05T12:45:56","slug":"podryw-na-miescie","status":"publish","type":"page","link":"https:\/\/wirtuozseksu.pl\/blog\/podryw-na-miescie\/","title":{"rendered":"Podryw na mie\u015bcie"},"content":{"rendered":"<p><span style=\"font-size: 14pt; font-family: georgia, palatino, serif;\">Chcia\u0142bym Ci podpowiedzie\u0107 pewien nietypowy pomys\u0142, kt\u00f3ry pozwoli Ci \u0142atwo um\u00f3wi\u0107 si\u0119 na randk\u0119 z wieloma kobietami&#8230;<\/span><\/p>\n<p><span style=\"font-size: 14pt; font-family: georgia, palatino, serif;\">&#8230;i to du\u017co szybciej, ni\u017c jakikolwiek inny spos\u00f3b. <\/span><\/p>\n<p><span style=\"font-size: 14pt; font-family: georgia, palatino, serif;\">Ju\u017c za chwil\u0119 opisz\u0119 Ci sytuacj\u0119, dzi\u0119ki kt\u00f3rej pozna\u0142em sporo dziewczyn w bardzo komfortowy i oryginalny spos\u00f3b. <\/span><\/p>\n<p><span style=\"font-size: 14pt; font-family: georgia, palatino, serif;\">Ot\u00f3\u017c zdarzy\u0142o mi si\u0119 nie raz, \u017ce podczas podrywu korzysta\u0142em z roweru z wypo\u017cyczalni. <\/span><\/p>\n<h1><span style=\"font-size: 14pt; font-family: georgia, palatino, serif;\">Rower? Po co? Na co? Dlaczego?<\/span><\/h1>\n<p><span style=\"font-size: 14pt; font-family: georgia, palatino, serif;\">Po prostu je\u017adzi\u0142em sobie po mie\u015bcie elegancko ubrany na stylowym rowerze.<\/span><\/p>\n<p><span style=\"font-size: 14pt; font-family: georgia, palatino, serif;\">Wtedy, gdy w oko wpad\u0142a mi jaka\u015b dziewczyna to podje\u017cd\u017ca\u0142em do niej i odgrywa\u0142em pewn\u0105 scenk\u0119 &#8211; zaraz j\u0105 poznasz. <\/span><\/p>\n<p><span style=\"font-size: 14pt; font-family: georgia, palatino, serif;\">Na rowerze tak\u017ce mo\u017cna wygl\u0105da\u0107 nie\u017ale i stylowo, a poni\u017cej masz kilka inspiracji.<br \/>\n<\/span><\/p>\n<p><span style=\"font-family: georgia, palatino, serif;\"><img loading=\"lazy\" class=\"alignnone wp-image-11878\" src=\"https:\/\/wirtuozseksu.pl\/wp-content\/uploads\/2024\/05\/Depositphotos_329961606_L.jpg\" alt=\"\" width=\"343\" height=\"267\" srcset=\"https:\/\/wirtuozseksu.pl\/wp-content\/uploads\/2024\/05\/Depositphotos_329961606_L.jpg 800w, https:\/\/wirtuozseksu.pl\/wp-content\/uploads\/2024\/05\/Depositphotos_329961606_L-300x233.jpg 300w, https:\/\/wirtuozseksu.pl\/wp-content\/uploads\/2024\/05\/Depositphotos_329961606_L-768x597.jpg 768w, https:\/\/wirtuozseksu.pl\/wp-content\/uploads\/2024\/05\/Depositphotos_329961606_L-100x78.jpg 100w, https:\/\/wirtuozseksu.pl\/wp-content\/uploads\/2024\/05\/Depositphotos_329961606_L-150x117.jpg 150w, https:\/\/wirtuozseksu.pl\/wp-content\/uploads\/2024\/05\/Depositphotos_329961606_L-200x156.jpg 200w, https:\/\/wirtuozseksu.pl\/wp-content\/uploads\/2024\/05\/Depositphotos_329961606_L-450x350.jpg 450w, https:\/\/wirtuozseksu.pl\/wp-content\/uploads\/2024\/05\/Depositphotos_329961606_L-600x467.jpg 600w\" sizes=\"(max-width: 343px) 100vw, 343px\" \/> <img loading=\"lazy\" class=\"alignnone wp-image-11879\" src=\"https:\/\/wirtuozseksu.pl\/wp-content\/uploads\/2024\/05\/pexels-ekoagalarov-7102271.jpg\" alt=\"\" width=\"177\" height=\"266\" srcset=\"https:\/\/wirtuozseksu.pl\/wp-content\/uploads\/2024\/05\/pexels-ekoagalarov-7102271.jpg 800w, https:\/\/wirtuozseksu.pl\/wp-content\/uploads\/2024\/05\/pexels-ekoagalarov-7102271-200x300.jpg 200w, https:\/\/wirtuozseksu.pl\/wp-content\/uploads\/2024\/05\/pexels-ekoagalarov-7102271-683x1024.jpg 683w, https:\/\/wirtuozseksu.pl\/wp-content\/uploads\/2024\/05\/pexels-ekoagalarov-7102271-768x1152.jpg 768w, https:\/\/wirtuozseksu.pl\/wp-content\/uploads\/2024\/05\/pexels-ekoagalarov-7102271-1024x1536.jpg 1024w, https:\/\/wirtuozseksu.pl\/wp-content\/uploads\/2024\/05\/pexels-ekoagalarov-7102271-1365x2048.jpg 1365w, https:\/\/wirtuozseksu.pl\/wp-content\/uploads\/2024\/05\/pexels-ekoagalarov-7102271-100x150.jpg 100w, https:\/\/wirtuozseksu.pl\/wp-content\/uploads\/2024\/05\/pexels-ekoagalarov-7102271-150x225.jpg 150w, https:\/\/wirtuozseksu.pl\/wp-content\/uploads\/2024\/05\/pexels-ekoagalarov-7102271-300x450.jpg 300w, https:\/\/wirtuozseksu.pl\/wp-content\/uploads\/2024\/05\/pexels-ekoagalarov-7102271-450x675.jpg 450w, https:\/\/wirtuozseksu.pl\/wp-content\/uploads\/2024\/05\/pexels-ekoagalarov-7102271-600x900.jpg 600w, https:\/\/wirtuozseksu.pl\/wp-content\/uploads\/2024\/05\/pexels-ekoagalarov-7102271-900x1350.jpg 900w\" sizes=\"(max-width: 177px) 100vw, 177px\" \/> <img loading=\"lazy\" class=\"alignnone wp-image-11880\" src=\"https:\/\/wirtuozseksu.pl\/wp-content\/uploads\/2024\/05\/Depositphotos-man-on-vintage-bike-2.jpg\" alt=\"\" width=\"271\" height=\"271\" srcset=\"https:\/\/wirtuozseksu.pl\/wp-content\/uploads\/2024\/05\/Depositphotos-man-on-vintage-bike-2.jpg 1200w, https:\/\/wirtuozseksu.pl\/wp-content\/uploads\/2024\/05\/Depositphotos-man-on-vintage-bike-2-300x300.jpg 300w, https:\/\/wirtuozseksu.pl\/wp-content\/uploads\/2024\/05\/Depositphotos-man-on-vintage-bike-2-1024x1024.jpg 1024w, https:\/\/wirtuozseksu.pl\/wp-content\/uploads\/2024\/05\/Depositphotos-man-on-vintage-bike-2-150x150.jpg 150w, https:\/\/wirtuozseksu.pl\/wp-content\/uploads\/2024\/05\/Depositphotos-man-on-vintage-bike-2-768x768.jpg 768w, https:\/\/wirtuozseksu.pl\/wp-content\/uploads\/2024\/05\/Depositphotos-man-on-vintage-bike-2-1536x1536.jpg 1536w, https:\/\/wirtuozseksu.pl\/wp-content\/uploads\/2024\/05\/Depositphotos-man-on-vintage-bike-2-100x100.jpg 100w, https:\/\/wirtuozseksu.pl\/wp-content\/uploads\/2024\/05\/Depositphotos-man-on-vintage-bike-2-200x200.jpg 200w, https:\/\/wirtuozseksu.pl\/wp-content\/uploads\/2024\/05\/Depositphotos-man-on-vintage-bike-2-450x450.jpg 450w, https:\/\/wirtuozseksu.pl\/wp-content\/uploads\/2024\/05\/Depositphotos-man-on-vintage-bike-2-600x600.jpg 600w, https:\/\/wirtuozseksu.pl\/wp-content\/uploads\/2024\/05\/Depositphotos-man-on-vintage-bike-2-900x900.jpg 900w\" sizes=\"(max-width: 271px) 100vw, 271px\" \/><\/span><\/p>\n<h1><span style=\"font-size: 14pt; font-family: georgia, palatino, serif;\">Jak przebiega\u0142 podryw? Mniej wi\u0119cej tak.<br \/>\n<\/span><\/h1>\n<p><span style=\"font-size: 14pt; font-family: georgia, palatino, serif;\">Wtedy, gdy min\u0105\u0142em jaka\u015b kobiet\u0119 na chodniku, to zawraca\u0142em i podje\u017cd\u017ca\u0142em do niej.<\/span><\/p>\n<p><span style=\"font-size: 14pt; font-family: georgia, palatino, serif;\">Najpierw m\u00f3wi\u0142em kobiecie co\u015b, <strong>aby j\u0105 rozbawi\u0107<\/strong>, w stylu: <\/span><\/p>\n<p><span style=\"font-size: 14pt; font-family: georgia, palatino, serif;\">&#8222;Przepraszam, widz\u0119, \u017ce si\u0119 Pani spieszy, mo\u017ce podwie\u017a\u0107? Mam wygodny baga\u017cnik.&#8221;\u00a0 <\/span><\/p>\n<p><span style=\"font-size: 14pt; font-family: georgia, palatino, serif;\">Kobiety przewa\u017cnie si\u0119 u\u015bmiecha\u0142y i m\u00f3wi\u0142y: <\/span><\/p>\n<p><span style=\"font-size: 14pt; font-family: georgia, palatino, serif;\">&#8222;Nie, dzi\u0119kuj\u0119.&#8221; <\/span><\/p>\n<p><span style=\"font-size: 14pt; font-family: georgia, palatino, serif;\">Ta sytuacja by\u0142a dla nich dosy\u0107 zabawna.<\/span><\/p>\n<p><span style=\"font-size: 14pt; font-family: georgia, palatino, serif;\">Wtedy ja robi\u0142em kolejny krok. <\/span><\/p>\n<p><span style=\"font-size: 14pt; font-family: georgia, palatino, serif;\">M\u00f3wi\u0142em kobiecie co\u015b w stylu:<\/span><\/p>\n<p><span style=\"font-size: 14pt; font-family: georgia, palatino, serif;\">&#8222;Tak naprawd\u0119 spiesz\u0119 si\u0119 na kolacj\u0119 ze znajomymi, jednak przeje\u017cd\u017caj\u0105c pomy\u015bla\u0142em, \u017ce mo\u017ce mia\u0142aby\u015b ochot\u0119 wyskoczy\u0107 kiedy\u015b na kaw\u0119.&#8221;<br \/>\n<\/span><\/p>\n<p><span style=\"font-size: 14pt; font-family: georgia, palatino, serif;\">Wtedy stosowa\u0142em<strong> pewien trik<\/strong>, po czym rzuca\u0142em <strong>propozycj\u0119 nie do odrzucenia.<\/strong><\/span><\/p>\n<p><span style=\"font-size: 14pt; font-family: georgia, palatino, serif;\">W kilkana\u015bcie sekund umawia\u0142em z t\u0105 kobiet\u0105 randk\u0119 dzi\u0119ki unikalnej metodzie. <\/span><\/p>\n<p><span style=\"font-size: 14pt; font-family: georgia, palatino, serif;\">Dok\u0142adny spos\u00f3b ze szczeg\u00f3\u0142ami opisuje w materiale <a href=\"https:\/\/wirtuozseksu.pl\/blog\/poznawajkobiety1\/\">&#8222;Poznawaj kobiety&#8221;.<\/a><br \/>\n<\/span><\/p>\n<p><span style=\"font-size: 14pt; font-family: georgia, palatino, serif;\">Ten spos\u00f3b jest uniwersalny, a tak\u017ce jest <strong>niezwykle skuteczny i podst\u0119pny w jednym.<\/strong><br \/>\n<\/span><\/p>\n<p><span style=\"font-size: 14pt; font-family: georgia, palatino, serif;\">Ta dopracowana strategia dzia\u0142a naprawd\u0119 wsz\u0119dzie, nawet w takiej sytuacji jak opisa\u0142em. <\/span><\/p>\n<p><span style=\"font-size: 14pt; font-family: georgia, palatino, serif;\">Osobi\u015bcie twierdz\u0119, \u017ce lepiej opanowa\u0107<strong> 1 spos\u00f3b podrywu<\/strong> <strong>do perfekcji<\/strong> ni\u017c za ka\u017cdym razem wymy\u015bla\u0107 co\u015b nowego, by um\u00f3wi\u0107 si\u0119 na randk\u0119.<\/span><\/p>\n<p><span style=\"font-size: 14pt; font-family: georgia, palatino, serif;\">Mo\u017cesz pozna\u0107 ten spos\u00f3b w moim kursie na temat poznawanie kobiet.<\/span><\/p>\n<p><span style=\"font-size: 14pt; font-family: georgia, palatino, serif;\">To jedyny taki materia\u0142 na rynku, gdy\u017c jest na bazie wielu lat moich unikalnych do\u015bwiadcze\u0144.<br \/>\n<\/span><\/p>\n<h1><span style=\"font-size: 14pt; font-family: georgia, palatino, serif;\">Co by\u0142o fajnego w tym sposobie podrywu na rowerze? <\/span><\/h1>\n<p><span style=\"font-size: 14pt; font-family: georgia, palatino, serif;\">Po pierwsze, mo\u017cna si\u0119 szybko przemieszcza\u0107 i &#8222;przegl\u0105dn\u0105\u0107&#8221; sporo kobiet, szczeg\u00f3lnie w godzinach szczytu. <\/span><\/p>\n<p><span style=\"font-size: 14pt; font-family: georgia, palatino, serif;\">Po drugie, gdy co\u015b Ci nie wyjdzie, mo\u017cna szybko odjecha\u0107.\u00a0 To dla niekt\u00f3rych wa\u017cne, je\u015bli si\u0119 kto\u015b stresuje mo\u017cliwym odrzuceniem. <\/span><\/p>\n<p><span style=\"font-size: 14pt; font-family: georgia, palatino, serif;\">Po trzecie, poznajesz kobiet\u0119 w unikatowej i oryginalnej sytuacji, kt\u00f3ra na pewno utkwi jej w g\u0142owie. Robisz co\u015b niesztandarowego.<br \/>\n<\/span><\/p>\n<p><span style=\"font-size: 14pt; font-family: georgia, palatino, serif;\">Po czwarte, mo\u017cesz korzysta\u0107 z roweru elektrycznego, dzi\u0119ki czemu zje\u017adzisz wiele miejsc w kr\u00f3tkim czasie, co zwi\u0119ksza prawdopodobie\u0144stwo &#8222;upolowania&#8221; ciekawej kobiety. <\/span><\/p>\n<p><span style=\"font-size: 14pt; font-family: georgia, palatino, serif;\">Po pi\u0105te, nie jeste\u015b wym\u0119czony chodzeniem po mie\u015bcie przez kilka godzin podczas podrywu, wi\u0119c przy ka\u017cdym podej\u015bciu, a raczej podje\u017adzie, masz du\u017co energii i \u015bwie\u017co\u015bci. <\/span><\/p>\n<h1><span style=\"font-size: 14pt; font-family: georgia, palatino, serif;\">Wi\u0119cej inspiracji i strategii. <\/span><\/h1>\n<p><span style=\"font-size: 14pt; font-family: georgia, palatino, serif;\">Tym przyk\u0142adem chc\u0119 Ci podpowiedzie\u0107, \u017ce mo\u017cna umawia\u0107 si\u0119 na randki z przypadkowymi kobietami na bardzo wiele ciekawych sposob\u00f3w. <\/span><\/p>\n<p><span style=\"font-size: 14pt; font-family: georgia, palatino, serif;\">Je\u015bli masz m\u00f3j materia\u0142 &#8222;Poznawaj Kobiety&#8221; to tym wpisem chc\u0119 Ci podpowiedzie\u0107 tak\u017ce co\u015b jeszcze. <\/span><\/p>\n<p><span style=\"font-size: 14pt; font-family: georgia, palatino, serif;\">Moj\u0105 metod\u0119 szybkiego umawiania randek mo\u017cesz tak\u017ce wykorzysta\u0107 w takiej w\u0142a\u015bnie sytuacji. <\/span><\/p>\n<p><span style=\"font-size: 14pt; font-family: georgia, palatino, serif;\">Jazda na rowerze elektrycznym w ciep\u0142y letni dzie\u0144 i umawianie si\u0119 na randki to naprawd\u0119 bardzo fajne i przyjemne do\u015bwiadczenie. <\/span><\/p>\n<p><span style=\"font-size: 14pt; font-family: georgia, palatino, serif;\">Sam spr\u00f3buj, ale wcze\u015bniej pobierz m\u00f3j materia\u0142 i poznaj unikaln\u0105 metod\u0119 generowania randek.<\/span><\/p>\n<p><span style=\"font-size: 14pt; font-family: georgia, palatino, serif;\">Jest ona efektem ponad 10-ciu lat mojej praktyki, a tak\u017ce zosta\u0142a przetestowana ju\u017c z sukcesami przez wielu facet\u00f3w. <\/span><\/p>\n<p><span style=\"font-size: 14pt; font-family: georgia, palatino, serif;\">=&gt;<a href=\"https:\/\/wirtuozseksu.pl\/blog\/poznawajkobiety1\/\"> Z t\u0105\u00a0 strategi\u0105 poznawanie kobiet b\u0119dzie proste, przyjemne i niesamowicie skuteczne.<\/a> <\/span><\/p>\n<p><span style=\"font-size: 14pt; font-family: georgia, palatino, serif;\">Dobrej zabawy! <\/span><\/p>\n<p><span style=\"font-size: 14pt; font-family: georgia, palatino, serif;\">Aleks<br \/>\n<\/span><\/p>\n<p>&nbsp;<\/p>\n<p>&nbsp;<\/p>\n<p>&nbsp;<\/p>\n<p>&nbsp;<\/p>\n","protected":false},"excerpt":{"rendered":"<p>Chcia\u0142bym Ci podpowiedzie\u0107 pewien nietypowy pomys\u0142, kt\u00f3ry pozwoli Ci \u0142atwo um\u00f3wi\u0107 si\u0119 na randk\u0119 z wieloma kobietami&#8230; &#8230;i to du\u017co szybciej, ni\u017c jakikolwiek inny spos\u00f3b. Ju\u017c za chwil\u0119 opisz\u0119 Ci sytuacj\u0119, dzi\u0119ki kt\u00f3rej pozna\u0142em sporo dziewczyn w bardzo komfortowy i &hellip;<\/p>\n<p class=\"read-more\"> <a class=\"more-link\" href=\"https:\/\/wirtuozseksu.pl\/blog\/podryw-na-miescie\/\"> <span class=\"screen-reader-text\">Podryw na mie\u015bcie<\/span> Czytaj wi\u0119cej  &raquo;<\/a><\/p>\n","protected":false},"author":1,"featured_media":0,"parent":0,"menu_order":0,"comment_status":"closed","ping_status":"closed","template":"","meta":[],"_links":{"self":[{"href":"https:\/\/wirtuozseksu.pl\/blog\/wp-json\/wp\/v2\/pages\/11876"}],"collection":[{"href":"https:\/\/wirtuozseksu.pl\/blog\/wp-json\/wp\/v2\/pages"}],"about":[{"href":"https:\/\/wirtuozseksu.pl\/blog\/wp-json\/wp\/v2\/types\/page"}],"author":[{"embeddable":true,"href":"https:\/\/wirtuozseksu.pl\/blog\/wp-json\/wp\/v2\/users\/1"}],"replies":[{"embeddable":true,"href":"https:\/\/wirtuozseksu.pl\/blog\/wp-json\/wp\/v2\/comments?post=11876"}],"version-history":[{"count":6,"href":"https:\/\/wirtuozseksu.pl\/blog\/wp-json\/wp\/v2\/pages\/11876\/revisions"}],"predecessor-version":[{"id":11885,"href":"https:\/\/wirtuozseksu.pl\/blog\/wp-json\/wp\/v2\/pages\/11876\/revisions\/11885"}],"wp:attachment":[{"href":"https:\/\/wirtuozseksu.pl\/blog\/wp-json\/wp\/v2\/media?parent=11876"}],"curies":[{"name":"wp","href":"https:\/\/api.w.org\/{rel}","templated":true}]}}