{"id":160,"date":"2013-08-18T16:40:01","date_gmt":"2013-08-18T16:40:01","guid":{"rendered":"http:\/\/wirtuozseksu.pl\/blog\/?page_id=160"},"modified":"2025-05-05T14:55:16","modified_gmt":"2025-05-05T12:55:16","slug":"poznajmy-sie","status":"publish","type":"page","link":"https:\/\/wirtuozseksu.pl\/blog\/poznajmy-sie\/","title":{"rendered":"Kilka S\u0142\u00f3w o Autorze Bloga"},"content":{"rendered":"<p><span style=\"font-size: 14pt; color: #000000; font-family: tahoma, arial, helvetica, sans-serif;\">Witaj Czytelniku. <\/span><\/p>\n<p><span style=\"font-size: 14pt; color: #000000; font-family: tahoma, arial, helvetica, sans-serif;\">Jestem Aleks i jestem autorem oraz administratorem projektu Wirtuoz Seksu jak r\u00f3wnie\u017c wydawc\u0105 i tw\u00f3rc\u0105 kurs\u00f3w, kt\u00f3re mo\u017cesz na tej stronie zam\u00f3wi\u0107 w zak\u0142adce &#8222;Kursy&#8221;. <\/span><\/p>\n<p><span style=\"font-size: 14pt; color: #000000; font-family: tahoma, arial, helvetica, sans-serif;\">Moje materia\u0142y znajdziesz tak\u017ce w ksi\u0119garniach takich jak <strong>Empik, Gandalf, Legimi, PWN<\/strong>, ale wiedz, \u017ce najbardziej aktualna wiedza jest dost\u0119pna w moim sklepie.<\/span><\/p>\n<p style=\"text-align: justify;\"><span style=\"font-size: 14pt; font-family: georgia, palatino, serif;\"><span style=\"color: #000000;\"><img loading=\"lazy\" class=\"wp-image-12167 aligncenter\" src=\"https:\/\/wirtuozseksu.pl\/wp-content\/uploads\/2024\/11\/empik-77.png\" alt=\"\" width=\"454\" height=\"324\" srcset=\"https:\/\/wirtuozseksu.pl\/wp-content\/uploads\/2024\/11\/empik-77.png 705w, https:\/\/wirtuozseksu.pl\/wp-content\/uploads\/2024\/11\/empik-77-300x214.png 300w, https:\/\/wirtuozseksu.pl\/wp-content\/uploads\/2024\/11\/empik-77-100x71.png 100w, https:\/\/wirtuozseksu.pl\/wp-content\/uploads\/2024\/11\/empik-77-150x107.png 150w, https:\/\/wirtuozseksu.pl\/wp-content\/uploads\/2024\/11\/empik-77-200x143.png 200w, https:\/\/wirtuozseksu.pl\/wp-content\/uploads\/2024\/11\/empik-77-450x321.png 450w, https:\/\/wirtuozseksu.pl\/wp-content\/uploads\/2024\/11\/empik-77-600x428.png 600w\" sizes=\"(max-width: 454px) 100vw, 454px\" \/><br \/>\n<\/span><\/span><\/p>\n<p><span style=\"font-size: 14pt; color: #000000; font-family: tahoma, arial, helvetica, sans-serif;\">Jestem pasjonatem sztuki kochania, erotyki, temat\u00f3w zwi\u0105zanych z intymno\u015bci\u0105, seksualno\u015bci\u0105 cz\u0142owieka, rozszerzaniem \u015bwiadomo\u015bci seksualnej i zwi\u0119kszaniem poziomu kreatywno\u015bci oraz inteligencji seksualnej. <\/span><\/p>\n<p><span style=\"font-size: 14pt; color: #000000; font-family: tahoma, arial, helvetica, sans-serif;\">Podpowiadam r\u00f3wnie\u017c jak z \u0142atwo\u015bci\u0105 poznawa\u0107 kobiety bez manipulacji i bez du\u017cego wysi\u0142ku. Jest to mo\u017cliwe dzi\u0119ki sprytnym metodom bazuj\u0105cym na moim do\u015bwiadczeniu, kt\u00f3re s\u0105 drog\u0105 na skr\u00f3ty do wspania\u0142ych chwil z kobietami.<br \/>\n<\/span><\/p>\n<figure id=\"attachment_9453\" aria-describedby=\"caption-attachment-9453\" style=\"width: 211px\" class=\"wp-caption alignleft\"><img loading=\"lazy\" class=\"wp-image-9453\" src=\"https:\/\/wirtuozseksu.pl\/wp-content\/uploads\/2022\/10\/greg2.jpg\" alt=\"\" width=\"211\" height=\"273\" srcset=\"https:\/\/wirtuozseksu.pl\/wp-content\/uploads\/2022\/10\/greg2.jpg 579w, https:\/\/wirtuozseksu.pl\/wp-content\/uploads\/2022\/10\/greg2-232x300.jpg 232w, https:\/\/wirtuozseksu.pl\/wp-content\/uploads\/2022\/10\/greg2-100x129.jpg 100w, https:\/\/wirtuozseksu.pl\/wp-content\/uploads\/2022\/10\/greg2-150x194.jpg 150w, https:\/\/wirtuozseksu.pl\/wp-content\/uploads\/2022\/10\/greg2-200x259.jpg 200w, https:\/\/wirtuozseksu.pl\/wp-content\/uploads\/2022\/10\/greg2-300x388.jpg 300w, https:\/\/wirtuozseksu.pl\/wp-content\/uploads\/2022\/10\/greg2-450x582.jpg 450w\" sizes=\"(max-width: 211px) 100vw, 211px\" \/><figcaption id=\"caption-attachment-9453\" class=\"wp-caption-text\"><span style=\"font-size: 14pt;\">Autor zdj\u0119cia: WirtuozSeksuPL<\/span><\/figcaption><\/figure>\n<p><span style=\"font-size: 14pt; color: #000000; font-family: tahoma, arial, helvetica, sans-serif;\">Oczywi\u015bcie mam te\u017c wiele innych zainteresowa\u0144 takich jak e-biznes, nowoczesne od\u017cywianie, enduro, majsterkowanie, filmy i ksi\u0105\u017cki, kultury dalekiego wschodu, rozw\u00f3j duchowy, medytacje, niekt\u00f3re dziedziny sztuki i wiele innych.<br \/>\n<\/span><\/p>\n<p><span style=\"font-size: 14pt; color: #000000; font-family: tahoma, arial, helvetica, sans-serif;\">Od ponad 10 lat zg\u0142\u0119biam sekrety relacji damsko-m\u0119skich po to, aby swoimi odkryciami inspirowa\u0107 tych, kt\u00f3rzy chc\u0105:\u00a0<\/span><\/p>\n<p><span style=\"font-size: 14pt; color: #000000; font-family: tahoma, arial, helvetica, sans-serif;\"><img loading=\"lazy\" class=\"alignnone size-full wp-image-11174\" src=\"https:\/\/wirtuozseksu.pl\/wp-content\/uploads\/2023\/11\/strzala.png\" alt=\"\" width=\"62\" height=\"32\" \/> by\u0107 bardziej \u015bwiadomi tego, co si\u0119 dzieje w r\u00f3\u017cnych aspektach ich egzystencji zwi\u0105zanych z seksualno\u015bci\u0105 (<a href=\"https:\/\/wirtuozseksu.pl\/blog\/sts\/\">Kurs Seks To Sztuka<\/a>),<br \/>\n<\/span><\/p>\n<p><span style=\"font-size: 14pt; color: #000000; font-family: tahoma, arial, helvetica, sans-serif;\"><img loading=\"lazy\" class=\"alignnone size-full wp-image-11174\" src=\"https:\/\/wirtuozseksu.pl\/wp-content\/uploads\/2023\/11\/strzala.png\" alt=\"\" width=\"62\" height=\"32\" \/> uzyska\u0107 podpowiedzi i wskaz\u00f3wki, aby rozwi\u0105za\u0107 problemy \u0142\u00f3\u017ckowe, zwi\u0105zkowe i wszystkie te, dotycz\u0105ce relacji damsko &#8211; m\u0119skich,<br \/>\n<\/span><\/p>\n<p><span style=\"font-size: 14pt; color: #000000; font-family: tahoma, arial, helvetica, sans-serif;\"><img loading=\"lazy\" class=\"alignnone size-full wp-image-11174\" src=\"https:\/\/wirtuozseksu.pl\/wp-content\/uploads\/2023\/11\/strzala.png\" alt=\"\" width=\"62\" height=\"32\" \/> na nowo rozpali\u0107 ogie\u0144 mi\u0142o\u015bci i po\u017c\u0105dania w swojej relacji (<a href=\"https:\/\/wirtuozseksu.pl\/blog\/pp\/\">Kurs Protok\u00f3\u0142: Po\u017c\u0105danie<\/a>),<\/span><\/p>\n<p><span style=\"font-size: 14pt; color: #000000; font-family: tahoma, arial, helvetica, sans-serif;\"><img loading=\"lazy\" class=\"alignnone size-full wp-image-11174\" src=\"https:\/\/wirtuozseksu.pl\/wp-content\/uploads\/2023\/11\/strzala.png\" alt=\"\" width=\"62\" height=\"32\" \/> zaskoczy\u0107 partnerk\u0119, partnera nowymi do\u015bwiadczeniami, momentami, chwilami i prze\u017cyciami nie tylko w \u0142\u00f3\u017cku, ale r\u00f3wnie\u017c poza sypialni\u0105 (<a href=\"https:\/\/wirtuozseksu.pl\/blog\/zk\/\">Kurs Zaskocz Kobiet\u0119<\/a>),<\/span><\/p>\n<p><span style=\"font-size: 14pt; color: #000000; font-family: tahoma, arial, helvetica, sans-serif;\"><img loading=\"lazy\" class=\"alignnone size-full wp-image-11174\" src=\"https:\/\/wirtuozseksu.pl\/wp-content\/uploads\/2023\/11\/strzala.png\" alt=\"\" width=\"62\" height=\"32\" \/> pozby\u0107 si\u0119 wstydliwych intymnych problem\u00f3w, kt\u00f3re mog\u0105 nie tylko ca\u0142kowicie zniszczy\u0107 relacje ale i utrudnia\u0107 czerpanie przyjemno\u015bci i rado\u015bci z \u017cycia w og\u00f3le,<br \/>\n<\/span><\/p>\n<p><span style=\"font-size: 14pt; color: #000000; font-family: tahoma, arial, helvetica, sans-serif;\"><img loading=\"lazy\" class=\"alignnone size-full wp-image-11174\" src=\"https:\/\/wirtuozseksu.pl\/wp-content\/uploads\/2023\/11\/strzala.png\" alt=\"\" width=\"62\" height=\"32\" \/> opanowa\u0107 przedwczesny wytrysk i wyd\u0142u\u017cy\u0107 czas trwania erotycznej przygody (<a href=\"https:\/\/wirtuozseksu.pl\/blog\/tkw\/\">Kurs Totalna Kontrola Wytrysku<\/a>),<\/span><\/p>\n<p><span style=\"font-size: 14pt; color: #000000; font-family: tahoma, arial, helvetica, sans-serif;\"><img loading=\"lazy\" class=\"alignnone size-full wp-image-11174\" src=\"https:\/\/wirtuozseksu.pl\/wp-content\/uploads\/2023\/11\/strzala.png\" alt=\"\" width=\"62\" height=\"32\" \/> pozby\u0107 si\u0119 k\u0142opot\u00f3w z erekcj\u0105 i wzmocni\u0107 sw\u00f3j seksualny potencja\u0142 (<a href=\"https:\/\/wirtuozseksu.pl\/blog\/st\/\">Kurs Seksualne Turbodo\u0142adowanie<\/a>),<\/span><\/p>\n<p><span style=\"font-size: 14pt; color: #000000; font-family: tahoma, arial, helvetica, sans-serif;\"><img loading=\"lazy\" class=\"alignnone size-full wp-image-11174\" src=\"https:\/\/wirtuozseksu.pl\/wp-content\/uploads\/2023\/11\/strzala.png\" alt=\"\" width=\"62\" height=\"32\" \/> uruchomi\u0107 wysoki poziom seksualnej energii odkrywaj\u0105c w sobie ukryte jej pok\u0142ady (<a href=\"https:\/\/wirtuozseksu.pl\/blog\/gr\/\">Kurs Generatory Rozkoszy<\/a>),<br \/>\n<\/span><\/p>\n<p><span style=\"font-size: 14pt; color: #000000; font-family: tahoma, arial, helvetica, sans-serif;\"><img loading=\"lazy\" class=\"alignnone size-full wp-image-11174\" src=\"https:\/\/wirtuozseksu.pl\/wp-content\/uploads\/2023\/11\/strzala.png\" alt=\"\" width=\"62\" height=\"32\" \/> uruchomi\u0107 pot\u0119\u017cn\u0105 pewno\u015b\u0107 siebie, nie tylko w \u0142\u00f3\u017ckowych okoliczno\u015bciach (<a href=\"https:\/\/wirtuozseksu.pl\/blog\/ws\/\">Kurs Wirtuoz Seksu<\/a>),<\/span><\/p>\n<p><span style=\"font-size: 14pt; color: #000000; font-family: tahoma, arial, helvetica, sans-serif;\"><img loading=\"lazy\" class=\"alignnone size-full wp-image-11174\" src=\"https:\/\/wirtuozseksu.pl\/wp-content\/uploads\/2023\/11\/strzala.png\" alt=\"\" width=\"62\" height=\"32\" \/> mie\u0107 wi\u0119cej energii, nie tylko do erotycznych do\u015bwiadcze\u0144, ale r\u00f3wnie\u017c do innych \u017cyciowych aktywno\u015bci,<\/span><\/p>\n<p><span style=\"font-size: 14pt; color: #000000; font-family: tahoma, arial, helvetica, sans-serif;\"><img loading=\"lazy\" class=\"alignnone size-full wp-image-11174\" src=\"https:\/\/wirtuozseksu.pl\/wp-content\/uploads\/2023\/11\/strzala.png\" alt=\"\" width=\"62\" height=\"32\" \/> zwi\u0119kszy\u0107 libido i ochot\u0119 na mi\u0142osne igraszki,<br \/>\n<\/span><\/p>\n<p><span style=\"font-size: 14pt; color: #000000; font-family: tahoma, arial, helvetica, sans-serif;\"><img loading=\"lazy\" class=\"alignnone size-full wp-image-11174\" src=\"https:\/\/wirtuozseksu.pl\/wp-content\/uploads\/2023\/11\/strzala.png\" alt=\"\" width=\"62\" height=\"32\" \/> zwi\u0119kszy\u0107 swoj\u0105 kreatywno\u015b\u0107 i sta\u0107 si\u0119 du\u017co ciekawszym partnerem do odkrywania sztuki kochania (<a href=\"https:\/\/wirtuozseksu.pl\/blog\/psm\/\">Kurs Pozycje Seksualne Mistrz\u00f3w<\/a>),<br \/>\n<\/span><\/p>\n<p><span style=\"font-size: 14pt; color: #000000; font-family: tahoma, arial, helvetica, sans-serif;\"><img loading=\"lazy\" class=\"alignnone size-full wp-image-11174\" src=\"https:\/\/wirtuozseksu.pl\/wp-content\/uploads\/2023\/11\/strzala.png\" alt=\"\" width=\"62\" height=\"32\" \/> czu\u0107 si\u0119 komfortowo w intymnych relacjach, by\u0107 seksualnie pewnym siebie, wyluzowanym i potrafi\u0105cym dobrze odnajdywa\u0107 si\u0119 w tematach mi\u0142osnych.<br \/>\n<\/span><\/p>\n<p><span style=\"font-size: 14pt; color: #000000; font-family: tahoma, arial, helvetica, sans-serif;\">Kr\u00f3tko m\u00f3wi\u0105c jestem osob\u0105, kt\u00f3ra mo\u017ce dostarczy\u0107 Ci ogromn\u0105 ilo\u015b\u0107 skutecznych podpowiedzi, technik i metod, aby poprawi\u0107 jako\u015b\u0107 Twojego obecnego lub przysz\u0142ego zwi\u0105zku, uczyni\u0107 Ci\u0119 du\u017co lepszym kochankiem, kochank\u0105.<br \/>\n<\/span><\/p>\n<p><span style=\"font-size: 14pt; color: #000000; font-family: tahoma, arial, helvetica, sans-serif;\">Co jeszcze?<\/span><\/p>\n<p><span style=\"font-size: 14pt; color: #000000; font-family: tahoma, arial, helvetica, sans-serif;\">By\u0107 mo\u017ce chcesz, aby Twoje &#8222;\u0142\u00f3\u017ckowe przygody&#8221; sta\u0142y si\u0119 du\u017co bardziej satysfakcjonuj\u0105ce, zar\u00f3wno dla Ciebie jak i dla osoby, z kt\u00f3r\u0105 anga\u017cujesz si\u0119 w odkrywanie \u015bwiata erotycznych rozkoszy.<br \/>\n<\/span><\/p>\n<p><span style=\"font-size: 14pt; color: #000000; font-family: tahoma, arial, helvetica, sans-serif;\">By\u0107 mo\u017ce chcesz si\u0119 dowiedzie\u0107 tego, co robi\u0107 by cieszy\u0107 si\u0119 du\u017co wi\u0119ksza ilo\u015bci\u0105 sukces\u00f3w w swoim \u017cyciu erotycznym i uczyni\u0107 seks komfortowym oraz pe\u0142nym luzu.<br \/>\n<\/span><\/p>\n<p><span style=\"font-size: 14pt; color: #000000; font-family: tahoma, arial, helvetica, sans-serif;\">By\u0107 mo\u017ce masz jakie\u015b inne problemy lub &#8222;\u0142\u00f3\u017ckowe cele&#8221; i szukasz rozwi\u0105zania lub sposobu ich realizacji.<\/span><\/p>\n<p><span style=\"font-size: 14pt; color: #000000; font-family: tahoma, arial, helvetica, sans-serif;\">A wi\u0119c&#8230;<\/span><\/p>\n<p><span style=\"font-size: 14pt; color: #000000; font-family: tahoma, arial, helvetica, sans-serif;\">Korzystaj z tego co dla Ciebie przygotowa\u0142em i ciesz si\u0119 efektami.<\/span><\/p>\n<p><span style=\"font-size: 14pt; color: #000000; font-family: tahoma, arial, helvetica, sans-serif;\"> <img loading=\"lazy\" class=\"wp-image-9453 alignleft\" src=\"https:\/\/wirtuozseksu.pl\/wp-content\/uploads\/2022\/10\/greg2.jpg\" alt=\"\" width=\"187\" height=\"242\" srcset=\"https:\/\/wirtuozseksu.pl\/wp-content\/uploads\/2022\/10\/greg2.jpg 579w, https:\/\/wirtuozseksu.pl\/wp-content\/uploads\/2022\/10\/greg2-232x300.jpg 232w, https:\/\/wirtuozseksu.pl\/wp-content\/uploads\/2022\/10\/greg2-100x129.jpg 100w, https:\/\/wirtuozseksu.pl\/wp-content\/uploads\/2022\/10\/greg2-150x194.jpg 150w, https:\/\/wirtuozseksu.pl\/wp-content\/uploads\/2022\/10\/greg2-200x259.jpg 200w, https:\/\/wirtuozseksu.pl\/wp-content\/uploads\/2022\/10\/greg2-300x388.jpg 300w, https:\/\/wirtuozseksu.pl\/wp-content\/uploads\/2022\/10\/greg2-450x582.jpg 450w\" sizes=\"(max-width: 187px) 100vw, 187px\" \/>Wdra\u017caj te wskaz\u00f3wki, kt\u00f3re Ci pasuj\u0105, a jestem pewien, \u017ce dzi\u0119ki temu odkryjesz wiele tajemnic i sekret\u00f3w seksualno\u015bci, erotyki i sztuki kochania, kt\u00f3re uczyni\u0105 Twoje \u017cycie mi\u0142osne lepszym ni\u017c kiedykolwiek wcze\u015bniej. <\/span><\/p>\n<p><span style=\"font-size: 14pt; color: #000000; font-family: tahoma, arial, helvetica, sans-serif;\">Zadbam o to, aby w Twoim \u017cyciu dzia\u0142y si\u0119 cuda, o kt\u00f3rych nie \u015bni\u0142e\u015b nawet w najlepszych snach;)<\/span><\/p>\n<p><span style=\"font-size: 14pt; color: #000000; font-family: tahoma, arial, helvetica, sans-serif;\">Zapisz si\u0119 tak\u017ce na m\u00f3j newsletter, by by\u0107 na bie\u017c\u0105co z najnowszymi inspiracjami. <\/span><\/p>\n<p><span style=\"font-size: 14pt; color: #000000; font-family: tahoma, arial, helvetica, sans-serif;\">Mo\u017cesz to zrobi\u0107 wchodz\u0105c na stron\u0119 <a href=\"https:\/\/lepszykochanek.pl\/\">https:\/\/lepszykochanek.pl\/<\/a><br \/>\n<\/span><\/p>\n<p><span style=\"font-size: 14pt; color: #000000; font-family: tahoma, arial, helvetica, sans-serif;\">\u017bycz\u0119 sukces\u00f3w i do us\u0142yszenia. <\/span><\/p>\n<p><span style=\"font-size: 14pt; color: #000000; font-family: tahoma, arial, helvetica, sans-serif;\">Aleks <\/span><\/p>\n<p><span style=\"font-size: 14pt; color: #000000; font-family: tahoma, arial, helvetica, sans-serif;\"><strong>PS. 1 Szybki kontakt<\/strong><br \/>\n<\/span><\/p>\n<p><span style=\"font-size: 14pt; color: #000000; font-family: tahoma, arial, helvetica, sans-serif;\">W razie jakichkolwiek pyta\u0144 s\u0142u\u017c\u0119 pomoc\u0105 i zapraszam do kontaktu pod poni\u017cszym adresem.<\/span><\/p>\n<p><span style=\"font-size: 14pt; color: #000000; font-family: tahoma, arial, helvetica, sans-serif;\"><img loading=\"lazy\" class=\"alignnone size-full wp-image-5554\" src=\"https:\/\/wirtuozseksu.pl\/wp-content\/uploads\/2019\/11\/napisz290.png\" alt=\"\" width=\"290\" height=\"129\" srcset=\"https:\/\/wirtuozseksu.pl\/wp-content\/uploads\/2019\/11\/napisz290.png 290w, https:\/\/wirtuozseksu.pl\/wp-content\/uploads\/2019\/11\/napisz290-100x44.png 100w, https:\/\/wirtuozseksu.pl\/wp-content\/uploads\/2019\/11\/napisz290-150x67.png 150w, https:\/\/wirtuozseksu.pl\/wp-content\/uploads\/2019\/11\/napisz290-200x89.png 200w\" sizes=\"(max-width: 290px) 100vw, 290px\" \/><\/span><\/p>\n<p><span style=\"font-size: 14pt; color: #000000; font-family: tahoma, arial, helvetica, sans-serif;\"><strong>PS.2\u00a0 Wa\u017cna informacja<\/strong><\/span><\/p>\n<p><span style=\"background-color: #ffff99; color: #000000; font-size: 14pt; font-family: tahoma, arial, helvetica, sans-serif;\"><strong><span style=\"background-color: #ffff99;\">Nie jestem psychologiem, ani lekarzem, wi\u0119c to co pisz\u0119 nie mo\u017ce by\u0107 traktowane jako porada medyczna, a jedynie jako wskaz\u00f3wka lub podpowied\u017a, inspiracja na drodze do stania si\u0119 lepszym, bardziej kreatywn\u0105 osob\u0105 id\u0105c\u0105 przez \u017cycie erotyczne bez niepotrzebnych stres\u00f3w i problem\u00f3w.<br \/>\n<\/span><\/strong><\/span><\/p>\n<p><span style=\"font-size: 14pt; color: #000000; font-family: tahoma, arial, helvetica, sans-serif;\">Moja praca polega na dzieleniu si\u0119 swoim praktycznym do\u015bwiadczeniem oraz do\u015bwiadczeniem innych kobiet, m\u0119\u017cczyzn oraz par, kt\u00f3re przez lata korzystaj\u0105 z moich materia\u0142\u00f3w z fantastycznymi rezultatami.<br \/>\n<\/span><\/p>\n<p><span style=\"font-size: 14pt; color: #000000; font-family: tahoma, arial, helvetica, sans-serif;\">Sam zdobywam wiedz\u0119 z r\u00f3\u017cnych kultur polepszaj\u0105c\u0105 jako\u015b\u0107 relacji i jest to moje zainteresowanie<strong>,<\/strong> pasja, hobby, co\u015b co lubi\u0119 robi\u0107, dlatego przed stosowaniem moich rad skontaktuj si\u0119 z odpowiednim specjalist\u0105.<br \/>\n<\/span><\/p>\n<p><span style=\"font-size: 14pt; color: #000000; font-family: tahoma, arial, helvetica, sans-serif;\">Je\u015bli masz problemy psychiczne lub zdrowotne, to wtedy jedyne, co mog\u0119 w\u00f3wczas zrobi\u0107 to poleci\u0107 Ci\u00a0 naprawd\u0119 dobrego specjalist\u0119, kt\u00f3ry pomo\u017ce Ci je rozwi\u0105za\u0107. <\/span><\/p>\n<p><span style=\"font-size: 14pt; color: #000000; font-family: tahoma, arial, helvetica, sans-serif;\">Osoby, kt\u00f3ra niezwykle skutecznie pomaga w problemach egzystencjalnych szuka\u0142em 10 lat i je\u015bli chcesz, to mog\u0119 Ci podpowiedzie\u0107, jak si\u0119 z ni\u0105 skontaktowa\u0107. <\/span><\/p>\n<p><span style=\"font-size: 14pt; color: #000000; font-family: tahoma, arial, helvetica, sans-serif;\">Jestem pewien, \u017ce wskaz\u00f3wki, porady i techniki, o kt\u00f3rych pisz\u0119 pomog\u0105 Ci w odzyskaniu <strong>pe\u0142nej kontroli w \u0142\u00f3\u017cku nad swoim cia\u0142em i umys\u0142em oraz w robieniu wra\u017cenia na osobie u boku kt\u00f3rej chcesz si\u0119 rozwija\u0107 w sztuce kochania.<br \/>\n<\/strong><\/span><\/p>\n<p><span style=\"font-size: 14pt; color: #000000; font-family: tahoma, arial, helvetica, sans-serif;\">To, co b\u0119dziesz mia\u0142 okazj\u0119 us\u0142ysze\u0107 ode mnie, przynios\u0142o wiele szokuj\u0105cych zmian u setek os\u00f3b, a ich opinie mo\u017cesz przeczyta\u0107 w zak\u0142adce &#8222;OPINIE&#8221; na moim blogu. <\/span><\/p>\n<p><span style=\"font-size: 14pt; color: #000000; font-family: tahoma, arial, helvetica, sans-serif;\">Dobrej zabawy \u017cycz\u0119, szcz\u0119\u015bliwej egzystencji, rozkoszy z \u017cycia i b\u0142yskawicznych sukces\u00f3w.<\/span><\/p>\n<p><span style=\"font-size: 14pt; color: #000000; font-family: tahoma, arial, helvetica, sans-serif;\">Aleks<\/span><\/p>\n<p><span style=\"font-size: 14pt; color: #000000; font-family: tahoma, arial, helvetica, sans-serif;\">\u00a0<\/span><\/p>\n","protected":false},"excerpt":{"rendered":"<p>Witaj Czytelniku. Jestem Aleks i jestem autorem oraz administratorem projektu Wirtuoz Seksu jak r\u00f3wnie\u017c wydawc\u0105 i tw\u00f3rc\u0105 kurs\u00f3w, kt\u00f3re mo\u017cesz na tej stronie zam\u00f3wi\u0107 w zak\u0142adce &#8222;Kursy&#8221;. Moje materia\u0142y znajdziesz tak\u017ce w ksi\u0119garniach takich jak Empik, Gandalf, Legimi, PWN, ale &hellip;<\/p>\n<p class=\"read-more\"> <a class=\"more-link\" href=\"https:\/\/wirtuozseksu.pl\/blog\/poznajmy-sie\/\"> <span class=\"screen-reader-text\">Kilka S\u0142\u00f3w o Autorze Bloga<\/span> Czytaj wi\u0119cej  &raquo;<\/a><\/p>\n","protected":false},"author":1,"featured_media":0,"parent":0,"menu_order":0,"comment_status":"open","ping_status":"open","template":"","meta":[],"_links":{"self":[{"href":"https:\/\/wirtuozseksu.pl\/blog\/wp-json\/wp\/v2\/pages\/160"}],"collection":[{"href":"https:\/\/wirtuozseksu.pl\/blog\/wp-json\/wp\/v2\/pages"}],"about":[{"href":"https:\/\/wirtuozseksu.pl\/blog\/wp-json\/wp\/v2\/types\/page"}],"author":[{"embeddable":true,"href":"https:\/\/wirtuozseksu.pl\/blog\/wp-json\/wp\/v2\/users\/1"}],"replies":[{"embeddable":true,"href":"https:\/\/wirtuozseksu.pl\/blog\/wp-json\/wp\/v2\/comments?post=160"}],"version-history":[{"count":63,"href":"https:\/\/wirtuozseksu.pl\/blog\/wp-json\/wp\/v2\/pages\/160\/revisions"}],"predecessor-version":[{"id":5994,"href":"https:\/\/wirtuozseksu.pl\/blog\/wp-json\/wp\/v2\/pages\/160\/revisions\/5994"}],"wp:attachment":[{"href":"https:\/\/wirtuozseksu.pl\/blog\/wp-json\/wp\/v2\/media?parent=160"}],"curies":[{"name":"wp","href":"https:\/\/api.w.org\/{rel}","templated":true}]}}