{"id":7234,"date":"2021-04-10T10:25:46","date_gmt":"2021-04-10T08:25:46","guid":{"rendered":"https:\/\/wirtuozseksu.pl\/blog\/?page_id=7234"},"modified":"2023-09-27T12:32:05","modified_gmt":"2023-09-27T10:32:05","slug":"rozwiazanie","status":"publish","type":"page","link":"https:\/\/wirtuozseksu.pl\/blog\/rozwiazanie\/","title":{"rendered":"Rozwi\u0105zanie Tantrycznej Zagadki"},"content":{"rendered":"<p><span style=\"font-size: 14pt; font-family: georgia, palatino, serif; color: #000000;\"><img loading=\"lazy\" class=\"alignnone size-full wp-image-7227\" src=\"https:\/\/wirtuozseksu.pl\/wp-content\/uploads\/2021\/04\/image3026.png\" alt=\"\" width=\"736\" height=\"646\" srcset=\"https:\/\/wirtuozseksu.pl\/wp-content\/uploads\/2021\/04\/image3026.png 736w, https:\/\/wirtuozseksu.pl\/wp-content\/uploads\/2021\/04\/image3026-300x263.png 300w, https:\/\/wirtuozseksu.pl\/wp-content\/uploads\/2021\/04\/image3026-100x88.png 100w, https:\/\/wirtuozseksu.pl\/wp-content\/uploads\/2021\/04\/image3026-150x132.png 150w, https:\/\/wirtuozseksu.pl\/wp-content\/uploads\/2021\/04\/image3026-200x176.png 200w, https:\/\/wirtuozseksu.pl\/wp-content\/uploads\/2021\/04\/image3026-450x395.png 450w, https:\/\/wirtuozseksu.pl\/wp-content\/uploads\/2021\/04\/image3026-600x527.png 600w\" sizes=\"(max-width: 736px) 100vw, 736px\" \/><\/span><\/p>\n<p><span style=\"color: #000000; font-size: 14pt; font-family: georgia, palatino, serif;\">Powy\u017csza grafika obrazuje kilka sposob\u00f3w zaspokajania potrzeb seksualnych, kt\u00f3re popularne by\u0142y w staro\u017cytnych czasach.<br \/>\n<\/span><\/p>\n<p><span style=\"color: #000000; font-size: 14pt; font-family: georgia, palatino, serif;\">Rze\u017aba przedstawiona na zdj\u0119ciu ma du\u017co wsp\u00f3lnego z Tantr\u0105, gdy\u017c pochodzi z indyjskiej \u015bwi\u0105tyni Kud\u017curaho.<\/span><\/p>\n<h3><span style=\"color: #000000; font-size: 14pt; font-family: georgia, palatino, serif;\">Opis Rze\u017aby<br \/>\n<\/span><\/h3>\n<p><span style=\"color: #000000; font-size: 14pt; font-family: georgia, palatino, serif;\">Rze\u017aba przedstawia scen\u0119, w kt\u00f3rej m\u0119\u017cczyzna z lewej strony jedn\u0105 d\u0142oni\u0105 dociska penisa do cia\u0142a kobiety.<\/span><\/p>\n<p><span style=\"color: #000000; font-size: 14pt; font-family: georgia, palatino, serif;\">Dzi\u0119ki temu mo\u017ce si\u0119 on onanizowa\u0107 wykonuj\u0105c ruchy frykcyjne wzd\u0142u\u017c cia\u0142a kobiety w okolicy bioder. <\/span><\/p>\n<p><span style=\"color: #000000; font-size: 14pt; font-family: georgia, palatino, serif;\">Drug\u0105 d\u0142o\u0144 trzyma w okolicach kobiecych piersi.<br \/>\n<\/span><\/p>\n<p><span style=\"color: #000000; font-size: 14pt; font-family: georgia, palatino, serif;\">Natomiast m\u0119\u017cczyzna z prawej strony wsuwa swojego penisa <strong>pomi\u0119dzy uda kobiety. <\/strong><\/span><\/p>\n<p><span style=\"color: #000000; font-size: 14pt; font-family: georgia, palatino, serif;\">Penis nie jest skierowany w pochw\u0119, tylko, jak wspomnia\u0142em, pomi\u0119dzy uda uczestnicz\u0105cej w akcie kobiety. <\/span><\/p>\n<p><span style=\"color: #000000; font-size: 14pt; font-family: georgia, palatino, serif;\">Mo\u017cesz to zweryfikowa\u0107, gdy kochasz si\u0119 z kobiet\u0105 w podobnej pozycji przed lustrem, bo w przeciwnym razie nie dostrze\u017cesz tej r\u00f3\u017cnicy.<br \/>\n<\/span><\/p>\n<p><span style=\"color: #000000; font-size: 14pt; font-family: georgia, palatino, serif;\">Rze\u017aba mo\u017ce przedstawia\u0107 dwa osobne akty, kt\u00f3re po prostu zosta\u0142y wyrze\u017abione obok siebie albo jeden akt, w kt\u00f3rym bior\u0105 udzia\u0142 czterej kochankowie. <\/span><\/p>\n<p><span style=\"color: #000000; font-size: 14pt; font-family: georgia, palatino, serif;\">Mo\u017cna to odebra\u0107 na dwa sposoby.<br \/>\n<\/span><\/p>\n<h3><span style=\"font-size: 14pt; font-family: georgia, palatino, serif;\"><strong><span style=\"color: #000000;\">Techniki Seksualne<\/span><\/strong><\/span><\/h3>\n<p><span style=\"color: #000000; font-size: 14pt; font-family: georgia, palatino, serif;\">Tego typu mi\u0142osne akty by\u0142y bardzo popularne w tantrycznej sztuce mi\u0142osnej, ale nie tylko. <\/span><\/p>\n<p><span style=\"color: #000000; font-size: 14pt; font-family: georgia, palatino, serif;\">Na egipskich papirusach te\u017c s\u0105 obrazy przedstawiaj\u0105ce m\u0119\u017cczyzn\u0119 z penisem wsuni\u0119tym pomi\u0119dzy uda kobiety.<br \/>\n<\/span><\/p>\n<p><span style=\"color: #000000; font-size: 14pt; font-family: georgia, palatino, serif;\">Dzi\u015b nazywa si\u0119 tego typu aktywno\u015bci &#8222;hindusk\u0105 gr\u0105 wst\u0119pn\u0105&#8221; lub &#8222;seksem w stylu indyjskim&#8221; i cz\u0119sto opisuje, \u017ce polega ona na wzajemnej masturbacji.<\/span><\/p>\n<p><span style=\"color: #000000; font-size: 14pt; font-family: georgia, palatino, serif;\">Tak na marginesie, wi\u0119cej r\u00f3\u017cnych styl\u00f3w gry wst\u0119pnej masz opisane w materiale &#8222;Gra wst\u0119pna lepsza ni\u017c kiedykolwiek&#8221; (<a href=\"https:\/\/wirtuozseksu.pl\/blog\/269sekretow\/\">link<\/a>)<br \/>\n<\/span><\/p>\n<p><span style=\"color: #000000; font-size: 14pt; font-family: georgia, palatino, serif;\">Dawniej, taki spos\u00f3b kochania si\u0119, to nie by\u0142a jedynie gra wst\u0119pna, tylko pe\u0142nowymiarowy mi\u0142osny akt, element sztuki kochania.<\/span><\/p>\n<p><span style=\"color: #000000; font-size: 14pt; font-family: georgia, palatino, serif;\"> Podczas takiej mi\u0142osnej przygody po prostu nie dochodzi\u0142o do penetracji.<\/span><\/p>\n<p><span style=\"color: #000000; font-size: 14pt; font-family: georgia, palatino, serif;\">To, \u017ce nie dochodzi\u0142o do penetracji w \u017caden spos\u00f3b nie umniejsza\u0142o prze\u017cywanym do\u015bwiadczeniom. <\/span><\/p>\n<p><span style=\"color: #000000; font-size: 14pt; font-family: georgia, palatino, serif;\">Dzi\u015b wydaje mi si\u0119, \u017ce\u00a0 \u015bwiat wymusza stosowanie antykoncepcji za wszelk\u0105 cen\u0119 i stara si\u0119 pokaza\u0107, \u017ce bez niej wspania\u0142e do\u015bwiadczenia seksualne i zaspokojenie swoich potrzeb oraz zmys\u0142\u00f3w jest niemo\u017cliwe. <\/span><\/p>\n<p><span style=\"color: #000000; font-size: 14pt; font-family: georgia, palatino, serif;\">Obraz mi\u0142osnego aktu zosta\u0142 obecnie bardzo zakrzywiony i umieszczony w pewnym schemacie korzystnym dla wielu ga\u0142\u0119zi rynku jak cho\u0107by dla firm produkuj\u0105cych gumki lub farmaceutyczne \u015brodki antykoncepcyjne.<br \/>\n<\/span><\/p>\n<p><span style=\"color: #000000; font-size: 14pt; font-family: georgia, palatino, serif;\">W czasach, gdzie nie by\u0142o dost\u0119pu do antykoncepcji kochankowie zaspokajali si\u0119 na przer\u00f3\u017cne sposoby.<\/span><\/p>\n<h3><span style=\"color: #000000; font-size: 14pt; font-family: georgia, palatino, serif;\"><strong>Seksualna Przygoda Bez Ryzyka<\/strong><br \/>\n<\/span><\/h3>\n<p><span style=\"color: #000000; font-size: 14pt; font-family: georgia, palatino, serif;\">Co wi\u0119cej, tantryczny kochanek prawdziwie i bezwarunkowo kocha\u0142 kobiety. <\/span><\/p>\n<p><span style=\"color: #000000; font-size: 14pt; font-family: georgia, palatino, serif;\">W efekcie nie m\u00f3g\u0142 ryzykowa\u0107 ani troch\u0119, \u017ce poprzez jego zachciank\u0119 i ochot\u0119 na penetracj\u0119 kobieta zajdzie w ci\u0105\u017c\u0119 je\u015bli nie jest na to gotowa.<br \/>\n<\/span><\/p>\n<p><span style=\"color: #000000; font-size: 14pt; font-family: georgia, palatino, serif;\">Co wi\u0119cej, kiedy\u015b dla ludzi nago\u015b\u0107 by\u0142a czym\u015b normalnym i ca\u0142e cia\u0142o kochank\u00f3w by\u0142o dla nich atrakcyjne. <\/span><\/p>\n<p><span style=\"color: #000000; font-size: 14pt; font-family: georgia, palatino, serif;\">Nie by\u0142o a\u017c tak istotne, czy facet ociera\u0142 si\u0119 o kobiet\u0119 swoim penisem, czy wsuwa\u0142 penisa w pochw\u0119. <\/span><\/p>\n<p><span style=\"color: #000000; font-size: 14pt; font-family: georgia, palatino, serif;\">Oba akty by\u0142y wspania\u0142e, podniecaj\u0105ce dla kochank\u00f3w by\u0142o ca\u0142e cia\u0142o, ka\u017cdy jego element. <\/span><\/p>\n<p><span style=\"color: #000000; font-size: 14pt; font-family: georgia, palatino, serif;\">Przyjemno\u015b\u0107 seksualna kiedy\u015b by\u0142a rozumiana zupe\u0142nie inaczej. <\/span><\/p>\n<p><span style=\"color: #000000; font-size: 14pt; font-family: georgia, palatino, serif;\">Sposoby na seksualn\u0105 rozkosz by\u0142y do\u015bwiadczeniami pe\u0142nymi przer\u00f3\u017cnych atrakcji dla ca\u0142ego cia\u0142a.<\/span><\/p>\n<p><span style=\"color: #000000; font-size: 14pt; font-family: georgia, palatino, serif;\">Mi\u0142osny akt nie by\u0142 jedynie zabaw\u0105 zlokalizowan\u0105 woko\u0142o narz\u0105d\u00f3w p\u0142ciowych lub piersi.<br \/>\n<\/span><\/p>\n<h3><span style=\"color: #000000; font-size: 14pt; font-family: georgia, palatino, serif;\">R\u00f3\u017cnorodno\u015b\u0107<\/span><\/h3>\n<p><span style=\"color: #000000; font-size: 14pt; font-family: georgia, palatino, serif;\">Z tamtych czas\u00f3w wzi\u0119\u0142y si\u0119 przer\u00f3\u017cne rodzaje tantrycznych masa\u017c\u00f3w, podczas, kt\u00f3rych nie dochodzi\u0142o do penetracji, a mimo to kochankowie osi\u0105gali du\u017co wi\u0119kszy poziom spe\u0142niania seksualnego. <\/span><\/p>\n<p><span style=\"color: #000000; font-size: 14pt; font-family: georgia, palatino, serif;\">Zrozumiesz to dopiero wtedy, gdy nauczysz si\u0119 takiego masa\u017cu i zachwycisz nim kobiet\u0119 lub gdy trafisz do sypialni z tantryczn\u0105 kochank\u0105, kt\u00f3ra zachwyci t\u0105 sztuk\u0105 kochania Ciebie. <\/span><\/p>\n<p><span style=\"color: #000000; font-size: 14pt; font-family: georgia, palatino, serif;\">Na przyk\u0142ad masa\u017c tantryczny prowadz\u0105cy do kobiecej ejakulacji oraz do mocnych orgazm\u00f3w, podczas kt\u00f3rych ca\u0142e cia\u0142o du\u017co mocniej reaguje, wykonuje si\u0119 palcami, a nie penisem. <\/span><\/p>\n<p><span style=\"color: #000000; font-size: 14pt; font-family: georgia, palatino, serif;\">W moim kursie wideo pt. &#8222;W\u0142adca Orgazm\u00f3w&#8221; (<a href=\"https:\/\/wirtuozseksu.pl\/blog\/wo\/\">link<\/a>) podaj\u0119 wiele r\u00f3\u017cnych technik, kt\u00f3re prowadz\u0105 do tego typu prze\u017cy\u0107.<br \/>\n<\/span><\/p>\n<h3><span style=\"color: #000000; font-size: 14pt; font-family: georgia, palatino, serif;\">Wi\u0119cej Zdj\u0119\u0107<\/span><\/h3>\n<p><span style=\"color: #000000; font-size: 14pt; font-family: georgia, palatino, serif;\">Dzi\u015b podzieli\u0142em si\u0119 publicznie jednym zdj\u0119ciem, ale a\u017c 34 fotografie rze\u017ab staro\u017cytnych mi\u0142osnych akt\u00f3w wrzuci\u0142em dzi\u015b do p\u0142atnej &#8222;Strefy Mistrz\u00f3w&#8221;. <\/span><\/p>\n<p><span style=\"color: #000000; font-size: 14pt; font-family: georgia, palatino, serif;\">Poznasz tam, opr\u00f3cz staro\u017cytnych pozycji, tak\u017ce ca\u0142\u0105 mas\u0119 \u015bwietnych artyku\u0142\u00f3w.<br \/>\n<\/span><\/p>\n<p><span style=\"color: #000000; font-size: 14pt; font-family: georgia, palatino, serif;\">Zdj\u0119cia warto przegl\u0105dn\u0105\u0107 bez narzuconych wzorc\u00f3w i schemat\u00f3w z naszego obecnego \u015bwiata, cho\u0107 to bardzo trudne bo musisz wej\u015b\u0107 w odpowiedni stan mentalny.<\/span><\/p>\n<p><span style=\"color: #000000; font-size: 14pt; font-family: georgia, palatino, serif;\">Chodzi o stan mentalny, kt\u00f3ry mia\u0142by\u015b, gdyby nago\u015b\u0107 by\u0142a czym\u015b normalnym, a widok kobiety bez majtek, czy bez stanika nie robi\u0142by wra\u017cenia. <\/span><\/p>\n<p><span style=\"color: #000000; font-size: 14pt; font-family: georgia, palatino, serif;\">Docenia\u0142by\u015b ca\u0142e cia\u0142o tak samo.\u00a0 <\/span><\/p>\n<p><span style=\"color: #000000; font-size: 14pt; font-family: georgia, palatino, serif;\">Wtedy, gdy Ci si\u0119 to uda, to odkryjesz wiele sekret\u00f3w zapisanych w tych rze\u017abach opisuj\u0105cych mi\u0142osne sceny i rozkoszne zabawy.<\/span><\/p>\n<p><span style=\"color: #000000; font-size: 14pt; font-family: georgia, palatino, serif;\">Wykup dost\u0119p do strefy z artyku\u0142ami, kt\u00f3re nie uka\u017c\u0105 si\u0119 publicznie na moim blogu w formie bezp\u0142atnych wpis\u00f3w. <\/span><\/p>\n<p><span style=\"color: #000000; font-size: 14pt; font-family: georgia, palatino, serif;\">Aby przej\u015b\u0107 do strefy z dodatkow\u0105 wiedz\u0105 kliknij w link poni\u017cej.<\/span><\/p>\n<p><span style=\"color: #000000; font-size: 14pt; font-family: georgia, palatino, serif;\">=&gt; <\/span><span style=\"font-size: 14pt; font-family: georgia, palatino, serif;\"><a href=\"https:\/\/wirtuozseksu.pl\/blog\/strefa-vip\/\">Dost\u0119p do &#8222;Strefy Mistrz\u00f3w&#8221;. Fantastyczny seks w zasi\u0119gu ka\u017cdego.<\/a><\/span><\/p>\n<p><span style=\"font-size: 14pt; font-family: georgia, palatino, serif; color: #000000;\">Dobrej zabawy!<\/span><\/p>\n<p><span style=\"font-size: 14pt; font-family: georgia, palatino, serif; color: #000000;\">Aleks<\/span><\/p>\n<p><span style=\"font-size: 14pt; font-family: georgia, palatino, serif; color: #000000;\">PS. Je\u015bli jeszcze nie pobra\u0142e\u015b kilka fajnych porad i wskaz\u00f3wek umieszczonych na stronie <a href=\"https:\/\/lepszykochanek.pl\/\">https:\/\/lepszykochanek.pl\/<\/a> to zach\u0119cam, aby to zrobi\u0107. Wysy\u0142am je na maila.<\/span><\/p>\n<p><span style=\"font-size: 14pt; font-family: georgia, palatino, serif; color: #000000;\">Znajdziesz tam kilka ciekawie przedstawionych (w nowym \u015bwietle) pozycji mi\u0142osnych, sposoby na przedwczesny wytrysk oraz na op\u00f3\u017anienie wytrysku, triki do seksu, techniki i strategie, aby doprowadzi\u0107 kobiet\u0119 do najlepszych orgazm\u00f3w w jej \u017cyciu, podpowiedzi na du\u017co lepsz\u0105 erekcj\u0119 oraz wiele wi\u0119cej fajnych wskaz\u00f3wek, kt\u00f3rych nie znajdziesz na moim blogu, a kt\u00f3re uczyni\u0105 Ci\u0119 lepszym kochankiem.<\/span><\/p>\n<p><span style=\"color: #000000; font-size: 14pt; font-family: georgia, palatino, serif;\">\u00a0<\/span><\/p>\n<p>&nbsp;<\/p>\n","protected":false},"excerpt":{"rendered":"<p>Powy\u017csza grafika obrazuje kilka sposob\u00f3w zaspokajania potrzeb seksualnych, kt\u00f3re popularne by\u0142y w staro\u017cytnych czasach. Rze\u017aba przedstawiona na zdj\u0119ciu ma du\u017co wsp\u00f3lnego z Tantr\u0105, gdy\u017c pochodzi z indyjskiej \u015bwi\u0105tyni Kud\u017curaho. Opis Rze\u017aby Rze\u017aba przedstawia scen\u0119, w kt\u00f3rej m\u0119\u017cczyzna z lewej strony &hellip;<\/p>\n<p class=\"read-more\"> <a class=\"more-link\" href=\"https:\/\/wirtuozseksu.pl\/blog\/rozwiazanie\/\"> <span class=\"screen-reader-text\">Rozwi\u0105zanie Tantrycznej Zagadki<\/span> Czytaj wi\u0119cej  &raquo;<\/a><\/p>\n","protected":false},"author":1,"featured_media":0,"parent":0,"menu_order":0,"comment_status":"closed","ping_status":"closed","template":"","meta":[],"_links":{"self":[{"href":"https:\/\/wirtuozseksu.pl\/blog\/wp-json\/wp\/v2\/pages\/7234"}],"collection":[{"href":"https:\/\/wirtuozseksu.pl\/blog\/wp-json\/wp\/v2\/pages"}],"about":[{"href":"https:\/\/wirtuozseksu.pl\/blog\/wp-json\/wp\/v2\/types\/page"}],"author":[{"embeddable":true,"href":"https:\/\/wirtuozseksu.pl\/blog\/wp-json\/wp\/v2\/users\/1"}],"replies":[{"embeddable":true,"href":"https:\/\/wirtuozseksu.pl\/blog\/wp-json\/wp\/v2\/comments?post=7234"}],"version-history":[{"count":24,"href":"https:\/\/wirtuozseksu.pl\/blog\/wp-json\/wp\/v2\/pages\/7234\/revisions"}],"predecessor-version":[{"id":10659,"href":"https:\/\/wirtuozseksu.pl\/blog\/wp-json\/wp\/v2\/pages\/7234\/revisions\/10659"}],"wp:attachment":[{"href":"https:\/\/wirtuozseksu.pl\/blog\/wp-json\/wp\/v2\/media?parent=7234"}],"curies":[{"name":"wp","href":"https:\/\/api.w.org\/{rel}","templated":true}]}}