{"id":8028,"date":"2021-05-18T14:24:26","date_gmt":"2021-05-18T12:24:26","guid":{"rendered":"https:\/\/wirtuozseksu.pl\/blog\/?page_id=8028"},"modified":"2021-05-18T14:24:26","modified_gmt":"2021-05-18T12:24:26","slug":"zwrot","status":"publish","type":"page","link":"https:\/\/wirtuozseksu.pl\/blog\/zwrot\/","title":{"rendered":"Zwrot"},"content":{"rendered":"<p><span style=\"font-family: tahoma, arial, helvetica, sans-serif;\">Aby uzyska\u0107 zwrot wydrukuj i wype\u0142nij poni\u017cszy formularz zwrotu.<\/span><\/p>\n<p><span style=\"font-family: tahoma, arial, helvetica, sans-serif;\">Mo\u017cesz go pobra\u0107 klikaj\u0105c w poni\u017cszy link.<\/span><\/p>\n<p><span style=\"font-family: tahoma, arial, helvetica, sans-serif;\"><a href=\"https:\/\/wirtuozseksu.pl\/zwrot.pdf\">https:\/\/wirtuozseksu.pl\/zwrot.pdf<\/a><\/span><\/p>\n<p><span style=\"font-family: tahoma, arial, helvetica, sans-serif;\">Nast\u0119pnie zr\u00f3b zdj\u0119cie podpisanego formularza zwrotu i wy\u015blij mi na maila.<\/span><\/p>\n<p><span style=\"font-family: tahoma, arial, helvetica, sans-serif;\">Najlepiej wy\u015blij na 2 maila, kt\u00f3re podane s\u0105 w zak\u0142adce KONTAKT.<\/span><\/p>\n<p><span style=\"font-family: tahoma, arial, helvetica, sans-serif;\">Tam jest mail g\u0142\u00f3wny i rezerwowy.<\/span><\/p>\n<p><span style=\"font-family: tahoma, arial, helvetica, sans-serif;\">Dzi\u0119ki i pozdrawiam!<\/span><\/p>\n<p>&nbsp;<\/p>\n","protected":false},"excerpt":{"rendered":"<p>Aby uzyska\u0107 zwrot wydrukuj i wype\u0142nij poni\u017cszy formularz zwrotu. Mo\u017cesz go pobra\u0107 klikaj\u0105c w poni\u017cszy link. https:\/\/wirtuozseksu.pl\/zwrot.pdf Nast\u0119pnie zr\u00f3b zdj\u0119cie podpisanego formularza zwrotu i wy\u015blij mi na maila. Najlepiej wy\u015blij na 2 maila, kt\u00f3re podane s\u0105 w zak\u0142adce KONTAKT. Tam &hellip;<\/p>\n<p class=\"read-more\"> <a class=\"more-link\" href=\"https:\/\/wirtuozseksu.pl\/blog\/zwrot\/\"> <span class=\"screen-reader-text\">Zwrot<\/span> Czytaj wi\u0119cej  &raquo;<\/a><\/p>\n","protected":false},"author":1,"featured_media":0,"parent":0,"menu_order":0,"comment_status":"closed","ping_status":"closed","template":"","meta":[],"_links":{"self":[{"href":"https:\/\/wirtuozseksu.pl\/blog\/wp-json\/wp\/v2\/pages\/8028"}],"collection":[{"href":"https:\/\/wirtuozseksu.pl\/blog\/wp-json\/wp\/v2\/pages"}],"about":[{"href":"https:\/\/wirtuozseksu.pl\/blog\/wp-json\/wp\/v2\/types\/page"}],"author":[{"embeddable":true,"href":"https:\/\/wirtuozseksu.pl\/blog\/wp-json\/wp\/v2\/users\/1"}],"replies":[{"embeddable":true,"href":"https:\/\/wirtuozseksu.pl\/blog\/wp-json\/wp\/v2\/comments?post=8028"}],"version-history":[{"count":1,"href":"https:\/\/wirtuozseksu.pl\/blog\/wp-json\/wp\/v2\/pages\/8028\/revisions"}],"predecessor-version":[{"id":8029,"href":"https:\/\/wirtuozseksu.pl\/blog\/wp-json\/wp\/v2\/pages\/8028\/revisions\/8029"}],"wp:attachment":[{"href":"https:\/\/wirtuozseksu.pl\/blog\/wp-json\/wp\/v2\/media?parent=8028"}],"curies":[{"name":"wp","href":"https:\/\/api.w.org\/{rel}","templated":true}]}}