{"id":8669,"date":"2022-02-10T11:30:42","date_gmt":"2022-02-10T09:30:42","guid":{"rendered":"https:\/\/wirtuozseksu.pl\/blog\/?page_id=8669"},"modified":"2025-05-04T18:55:21","modified_gmt":"2025-05-04T16:55:21","slug":"strefa-vip","status":"publish","type":"page","link":"https:\/\/wirtuozseksu.pl\/blog\/strefa-vip\/","title":{"rendered":"STREFA MISTRZ\u00d3W"},"content":{"rendered":"<p><img loading=\"lazy\" class=\"size-medium wp-image-9491 aligncenter\" src=\"https:\/\/wirtuozseksu.pl\/wp-content\/uploads\/2022\/11\/strefam-207x300.png\" alt=\"\" width=\"207\" height=\"300\" srcset=\"https:\/\/wirtuozseksu.pl\/wp-content\/uploads\/2022\/11\/strefam-207x300.png 207w, https:\/\/wirtuozseksu.pl\/wp-content\/uploads\/2022\/11\/strefam-100x145.png 100w, https:\/\/wirtuozseksu.pl\/wp-content\/uploads\/2022\/11\/strefam-150x217.png 150w, https:\/\/wirtuozseksu.pl\/wp-content\/uploads\/2022\/11\/strefam-200x289.png 200w, https:\/\/wirtuozseksu.pl\/wp-content\/uploads\/2022\/11\/strefam-300x434.png 300w, https:\/\/wirtuozseksu.pl\/wp-content\/uploads\/2022\/11\/strefam-450x651.png 450w, https:\/\/wirtuozseksu.pl\/wp-content\/uploads\/2022\/11\/strefam.png 468w\" sizes=\"(max-width: 207px) 100vw, 207px\" \/><\/p>\n<p><span style=\"font-family: tahoma, arial, helvetica, sans-serif; color: #000000;\"><strong>Obecnie w dziale &#8222;Strefa Mistrz\u00f3w&#8221; znajduj\u0105 si\u0119 poni\u017csze artyku\u0142y.<\/strong><\/span><\/p>\n<p><span style=\"font-family: tahoma, arial, helvetica, sans-serif; color: #000000;\">1. Ale Pi\u0119kny Ptaszek! Sposoby upi\u0119kszania penisa.<\/span><\/p>\n<p><span style=\"font-family: tahoma, arial, helvetica, sans-serif; color: #000000;\">2. Trik do masa\u017cu punktu G daj\u0105cy nowe doznania.<\/span><\/p>\n<p><span style=\"font-family: tahoma, arial, helvetica, sans-serif; color: #000000;\">3. Alkoholowa zabawa, kt\u00f3ra rozpala i uwodzi.<\/span><\/p>\n<p><span style=\"font-family: tahoma, arial, helvetica, sans-serif; color: #000000;\">4. Staro\u017cytne mi\u0142osne akty, kt\u00f3re rozpal\u0105 wyobra\u017ani\u0119.<\/span><\/p>\n<p><span style=\"font-family: tahoma, arial, helvetica, sans-serif; color: #000000;\">5. Dalekowschodni masa\u017c japo\u0144skich wojownik\u00f3w.<\/span><\/p>\n<p><span style=\"font-family: tahoma, arial, helvetica, sans-serif; color: #000000;\">6. Nowa strategia mi\u0142osnej uczty.<\/span><\/p>\n<p><span style=\"font-family: tahoma, arial, helvetica, sans-serif; color: #000000;\">7. Wysoki poziom higieny wed\u0142ug staro\u017cytnej metody.<\/span><\/p>\n<p><span style=\"font-family: tahoma, arial, helvetica, sans-serif; color: #000000;\">8. Nietypowe rozbierane gry.<\/span><\/p>\n<p><span style=\"font-family: tahoma, arial, helvetica, sans-serif; color: #000000;\">9. \u201cJe\u017adziec\u201d w nowym wydaniu.<\/span><\/p>\n<p><span style=\"font-family: tahoma, arial, helvetica, sans-serif; color: #000000;\">10. Japo\u0144ski numerek, kt\u00f3ry uczyni seks ciekawym i niepowtarzalnym.<\/span><\/p>\n<p><span style=\"font-family: tahoma, arial, helvetica, sans-serif; color: #000000;\">11. Staro\u017cytny gad\u017cet podrasowuj\u0105cy penisa.<\/span><\/p>\n<p><span style=\"font-family: tahoma, arial, helvetica, sans-serif; color: #000000;\">12. Niezapomniana przygoda w kuchni.<\/span><\/p>\n<p><span style=\"font-family: tahoma, arial, helvetica, sans-serif; color: #000000;\">13. Niegrzeczny ero-test.<\/span><\/p>\n<p><span style=\"font-family: tahoma, arial, helvetica, sans-serif; color: #000000;\">14. 2 Techniki na wibruj\u0105ce usta.<\/span><\/p>\n<p><span style=\"font-family: tahoma, arial, helvetica, sans-serif; color: #000000;\">15. Sekret tysi\u0105ca cipek dost\u0119pny od r\u0119ki.<br \/>\n<\/span><\/p>\n<p><span style=\"font-family: tahoma, arial, helvetica, sans-serif; color: #000000;\">16. Podgrzewany gad\u017cet do masa\u017cu penisa (Zr\u00f3b to sam).<\/span><\/p>\n<p><span style=\"font-family: tahoma, arial, helvetica, sans-serif; color: #000000;\">17. Podgrzewane dildo do erotycznego masa\u017cu ( Zr\u00f3b to sam). <strong>NOW WPIS!<\/strong><\/span><\/p>\n<p>&nbsp;<\/p>\n<h3><strong><span style=\"font-family: tahoma, arial, helvetica, sans-serif; color: #000000;\">Jak uzyska\u0107 dost\u0119p do dzia\u0142u &#8222;Strefa Mistrz\u00f3w&#8221;?<\/span><\/strong><\/h3>\n<p><span style=\"font-family: tahoma, arial, helvetica, sans-serif; color: #000000;\">&#8222;Strefa Mistrz\u00f3w&#8221; to m\u00f3j nietypowy spos\u00f3b, aby dzieli\u0107 si\u0119 dodatkow\u0105 wiedz\u0105 z tymi, kt\u00f3rzy doceniaj\u0105 moj\u0105 prac\u0119 i chc\u0105 mnie wspiera\u0107. <\/span><\/p>\n<p><span style=\"font-family: tahoma, arial, helvetica, sans-serif; color: #000000;\">Jest to miejsce, gdzie b\u0119d\u0119 publikowa\u0142:<\/span><\/p>\n<p><span style=\"font-family: tahoma, arial, helvetica, sans-serif; color: #000000;\">&#8211; najnowsze odkrycia ulepszaj\u0105ce \u017cycie erotyczne, <\/span><\/p>\n<p><span style=\"font-family: tahoma, arial, helvetica, sans-serif; color: #000000;\">&#8211; sprawdzone pomys\u0142y, kt\u00f3re zrobi\u0105 furor\u0119 w Twojej sypialni,\u00a0 <\/span><\/p>\n<p><span style=\"font-family: tahoma, arial, helvetica, sans-serif; color: #000000;\">&#8211; seksualne strategie na niezapomnienie atrakcje,<br \/>\n<\/span><\/p>\n<p><span style=\"font-family: tahoma, arial, helvetica, sans-serif; color: #000000;\">&#8211; inne mi\u0142osne techniki i sposoby na lepszy seks.<br \/>\n<\/span><\/p>\n<p><span style=\"font-family: tahoma, arial, helvetica, sans-serif; color: #000000;\"> W dziale &#8222;Strefa Mistrz\u00f3w&#8221; b\u0119d\u0105 <strong>ekstra posty<\/strong> w tematach intymnych relacji damsko-m\u0119skich, kt\u00f3re ka\u017cdego faceta uczyni\u0105 jeszcze lepszym i jeszcze bardziej kreatywnym, a tak\u017ce \u015bwiadomym kochankiem.<\/span><\/p>\n<p><span style=\"font-family: tahoma, arial, helvetica, sans-serif; color: #000000;\">Wi\u0119c je\u015bli chcesz zyska\u0107:<\/span><\/p>\n<p><span style=\"font-family: tahoma, arial, helvetica, sans-serif; color: #000000;\">&#8211; wi\u0119cej wiedzy w temacie sztuki kochania, <\/span><\/p>\n<p><span style=\"font-family: tahoma, arial, helvetica, sans-serif; color: #000000;\">&#8211; jeszcze bardziej rozwija\u0107 swoje umiej\u0119tno\u015bci z moimi sugestiami <\/span><\/p>\n<p><span style=\"font-family: tahoma, arial, helvetica, sans-serif; color: #000000;\">&#8211; i otrzymywa\u0107 oryginalne wskaz\u00f3wki, to zapraszam.<\/span><\/p>\n<p><span style=\"font-family: tahoma, arial, helvetica, sans-serif; color: #000000;\">Aby uzyska\u0107 dost\u0119p do STREFY MISTRZ\u00d3W kliknij w poni\u017cszy link.<\/span><\/p>\n<p><span style=\"font-family: tahoma, arial, helvetica, sans-serif; color: #000000;\"><a style=\"color: #000000;\" href=\"https:\/\/wirtuozseksu.pl\/pay\/platnosci.php?product=38\"><span style=\"text-decoration: underline;\"><span style=\"color: #00ccff; text-decoration: underline;\"><strong>&gt;&gt; Bezterminowy dost\u0119p do STREFY MISTRZ\u00d3W\u00a0 za 197 &gt;&gt;<\/strong><\/span><\/span><\/a><\/span><\/p>\n<p>&nbsp;<\/p>\n","protected":false},"excerpt":{"rendered":"<p>Obecnie w dziale &#8222;Strefa Mistrz\u00f3w&#8221; znajduj\u0105 si\u0119 poni\u017csze artyku\u0142y. 1. Ale Pi\u0119kny Ptaszek! Sposoby upi\u0119kszania penisa. 2. Trik do masa\u017cu punktu G daj\u0105cy nowe doznania. 3. Alkoholowa zabawa, kt\u00f3ra rozpala i uwodzi. 4. Staro\u017cytne mi\u0142osne akty, kt\u00f3re rozpal\u0105 wyobra\u017ani\u0119. 5. &hellip;<\/p>\n<p class=\"read-more\"> <a class=\"more-link\" href=\"https:\/\/wirtuozseksu.pl\/blog\/strefa-vip\/\"> <span class=\"screen-reader-text\">STREFA MISTRZ\u00d3W<\/span> Czytaj wi\u0119cej  &raquo;<\/a><\/p>\n","protected":false},"author":1,"featured_media":0,"parent":0,"menu_order":0,"comment_status":"closed","ping_status":"closed","template":"","meta":[],"_links":{"self":[{"href":"https:\/\/wirtuozseksu.pl\/blog\/wp-json\/wp\/v2\/pages\/8669"}],"collection":[{"href":"https:\/\/wirtuozseksu.pl\/blog\/wp-json\/wp\/v2\/pages"}],"about":[{"href":"https:\/\/wirtuozseksu.pl\/blog\/wp-json\/wp\/v2\/types\/page"}],"author":[{"embeddable":true,"href":"https:\/\/wirtuozseksu.pl\/blog\/wp-json\/wp\/v2\/users\/1"}],"replies":[{"embeddable":true,"href":"https:\/\/wirtuozseksu.pl\/blog\/wp-json\/wp\/v2\/comments?post=8669"}],"version-history":[{"count":24,"href":"https:\/\/wirtuozseksu.pl\/blog\/wp-json\/wp\/v2\/pages\/8669\/revisions"}],"predecessor-version":[{"id":9692,"href":"https:\/\/wirtuozseksu.pl\/blog\/wp-json\/wp\/v2\/pages\/8669\/revisions\/9692"}],"wp:attachment":[{"href":"https:\/\/wirtuozseksu.pl\/blog\/wp-json\/wp\/v2\/media?parent=8669"}],"curies":[{"name":"wp","href":"https:\/\/api.w.org\/{rel}","templated":true}]}}